{"id":606,"date":"2022-05-10T19:35:08","date_gmt":"2022-05-10T19:35:08","guid":{"rendered":"https:\/\/piloto.ruymuniz.com.br\/?page_id=606"},"modified":"2022-08-25T13:36:16","modified_gmt":"2022-08-25T16:36:16","slug":"biografia","status":"publish","type":"page","link":"https:\/\/piloto.ruymuniz.com.br\/?page_id=606","title":{"rendered":"Biografia"},"content":{"rendered":"\t\t<div data-elementor-type=\"wp-page\" data-elementor-id=\"606\" class=\"elementor elementor-606\">\n\t\t\t\t\t\t\t\t\t<section class=\"has_ae_slider elementor-section elementor-top-section elementor-element elementor-element-2557f6d elementor-section-full_width elementor-section-height-default elementor-section-height-default ae-bg-gallery-type-default\" data-id=\"2557f6d\" data-element_type=\"section\" data-settings=\"{&quot;ekit_has_onepagescroll_dot&quot;:&quot;yes&quot;}\">\n\t\t\t\t\t\t<div class=\"elementor-container elementor-column-gap-default\">\n\t\t\t\t\t<div class=\"has_ae_slider elementor-column elementor-col-100 elementor-top-column elementor-element elementor-element-fca8fee ae-bg-gallery-type-default\" data-id=\"fca8fee\" data-element_type=\"column\">\n\t\t\t<div class=\"elementor-widget-wrap elementor-element-populated\">\n\t\t\t\t\t\t\t\t<div class=\"elementor-element elementor-element-951e16f elementor--h-position-center elementor--v-position-middle elementor-arrows-position-inside elementor-pagination-position-inside elementor-widget elementor-widget-slides\" data-id=\"951e16f\" data-element_type=\"widget\" data-settings=\"{&quot;navigation&quot;:&quot;both&quot;,&quot;autoplay&quot;:&quot;yes&quot;,&quot;pause_on_hover&quot;:&quot;yes&quot;,&quot;pause_on_interaction&quot;:&quot;yes&quot;,&quot;autoplay_speed&quot;:5000,&quot;infinite&quot;:&quot;yes&quot;,&quot;transition&quot;:&quot;slide&quot;,&quot;transition_speed&quot;:500,&quot;ekit_we_effect_on&quot;:&quot;none&quot;}\" data-widget_type=\"slides.default\">\n\t\t\t\t<div class=\"elementor-widget-container\">\n\t\t\t<style>\/*! elementor-pro - v3.6.5 - 12-04-2022 *\/\n.elementor-slides .swiper-slide-bg{background-size:cover;background-position:50%;background-repeat:no-repeat;min-width:100%;min-height:100%}.elementor-slides .swiper-slide-inner{background-repeat:no-repeat;background-position:50%;position:absolute;top:0;left:0;bottom:0;right:0;padding:50px;margin:auto}.elementor-slides .swiper-slide-inner,.elementor-slides .swiper-slide-inner:hover{color:#fff;display:-webkit-box;display:-ms-flexbox;display:flex}.elementor-slides .swiper-slide-inner .elementor-background-overlay{position:absolute;z-index:0;top:0;bottom:0;left:0;right:0}.elementor-slides .swiper-slide-inner .elementor-slide-content{position:relative;z-index:1;width:100%}.elementor-slides .swiper-slide-inner .elementor-slide-heading{font-size:35px;font-weight:700;line-height:1}.elementor-slides .swiper-slide-inner .elementor-slide-description{font-size:17px;line-height:1.4}.elementor-slides .swiper-slide-inner .elementor-slide-description:not(:last-child),.elementor-slides .swiper-slide-inner .elementor-slide-heading:not(:last-child){margin-bottom:30px}.elementor-slides .swiper-slide-inner .elementor-slide-button{border:2px solid #fff;color:#fff;background:transparent;display:inline-block}.elementor-slides .swiper-slide-inner .elementor-slide-button,.elementor-slides .swiper-slide-inner .elementor-slide-button:hover{background:transparent;color:inherit;text-decoration:none}.elementor--v-position-top .swiper-slide-inner{-webkit-box-align:start;-ms-flex-align:start;align-items:flex-start}.elementor--v-position-bottom .swiper-slide-inner{-webkit-box-align:end;-ms-flex-align:end;align-items:flex-end}.elementor--v-position-middle .swiper-slide-inner{-webkit-box-align:center;-ms-flex-align:center;align-items:center}.elementor--h-position-left .swiper-slide-inner{-webkit-box-pack:start;-ms-flex-pack:start;justify-content:flex-start}.elementor--h-position-right .swiper-slide-inner{-webkit-box-pack:end;-ms-flex-pack:end;justify-content:flex-end}.elementor--h-position-center .swiper-slide-inner{-webkit-box-pack:center;-ms-flex-pack:center;justify-content:center}body.rtl .elementor-widget-slides .elementor-swiper-button-next{left:10px;right:auto}body.rtl .elementor-widget-slides .elementor-swiper-button-prev{right:10px;left:auto}.elementor-slides-wrapper div:not(.swiper-slide)>.swiper-slide-inner{display:none}@media (max-width:767px){.elementor-slides .swiper-slide-inner{padding:30px}.elementor-slides .swiper-slide-inner .elementor-slide-heading{font-size:23px;line-height:1;margin-bottom:15px}.elementor-slides .swiper-slide-inner .elementor-slide-description{font-size:13px;line-height:1.4;margin-bottom:15px}}<\/style>\t\t<div class=\"elementor-swiper\">\n\t\t\t<div class=\"elementor-slides-wrapper elementor-main-swiper swiper-container\" dir=\"ltr\" data-animation=\"fadeInUp\">\n\t\t\t\t<div class=\"swiper-wrapper elementor-slides\">\n\t\t\t\t\t\t\t\t\t\t<div class=\"elementor-repeater-item-2bba1a0 swiper-slide\"><div class=\"swiper-slide-bg\"><\/div><div class=\"swiper-slide-inner\" ><div class=\"swiper-slide-contents\"><\/div><\/div><\/div>\t\t\t\t<\/div>\n\t\t\t\t\t\t\t<\/div>\n\t\t<\/div>\n\t\t\t\t<\/div>\n\t\t\t\t<\/div>\n\t\t\t\t\t<\/div>\n\t\t<\/div>\n\t\t\t\t\t\t\t<\/div>\n\t\t<\/section>\n\t\t\t\t<section class=\"has_ae_slider elementor-section elementor-top-section elementor-element elementor-element-1400a2b elementor-section-boxed elementor-section-height-default elementor-section-height-default ae-bg-gallery-type-default\" data-id=\"1400a2b\" data-element_type=\"section\" data-settings=\"{&quot;background_background&quot;:&quot;classic&quot;,&quot;ekit_has_onepagescroll_dot&quot;:&quot;yes&quot;}\">\n\t\t\t\t\t\t\t<div class=\"elementor-background-overlay\"><\/div>\n\t\t\t\t\t\t\t<div class=\"elementor-container elementor-column-gap-no\">\n\t\t\t\t\t<div class=\"has_ae_slider elementor-column elementor-col-100 elementor-top-column elementor-element elementor-element-4091017 ae-bg-gallery-type-default\" data-id=\"4091017\" data-element_type=\"column\">\n\t\t\t<div class=\"elementor-widget-wrap elementor-element-populated\">\n\t\t\t\t\t\t\t\t<div class=\"elementor-element elementor-element-3cb050d elementor-widget-divider--separator-type-pattern elementor-widget-divider--view-line elementor-widget elementor-widget-divider\" data-id=\"3cb050d\" data-element_type=\"widget\" data-settings=\"{&quot;ekit_we_effect_on&quot;:&quot;none&quot;}\" data-widget_type=\"divider.default\">\n\t\t\t\t<div class=\"elementor-widget-container\">\n\t\t\t<style>\/*! elementor - v3.6.5 - 27-04-2022 *\/\n.elementor-widget-divider{--divider-border-style:none;--divider-border-width:1px;--divider-color:#2c2c2c;--divider-icon-size:20px;--divider-element-spacing:10px;--divider-pattern-height:24px;--divider-pattern-size:20px;--divider-pattern-url:none;--divider-pattern-repeat:repeat-x}.elementor-widget-divider .elementor-divider{display:-webkit-box;display:-ms-flexbox;display:flex}.elementor-widget-divider .elementor-divider__text{font-size:15px;line-height:1;max-width:95%}.elementor-widget-divider .elementor-divider__element{margin:0 var(--divider-element-spacing);-ms-flex-negative:0;flex-shrink:0}.elementor-widget-divider .elementor-icon{font-size:var(--divider-icon-size)}.elementor-widget-divider .elementor-divider-separator{display:-webkit-box;display:-ms-flexbox;display:flex;margin:0;direction:ltr}.elementor-widget-divider--view-line_icon .elementor-divider-separator,.elementor-widget-divider--view-line_text .elementor-divider-separator{-webkit-box-align:center;-ms-flex-align:center;align-items:center}.elementor-widget-divider--view-line_icon .elementor-divider-separator:after,.elementor-widget-divider--view-line_icon .elementor-divider-separator:before,.elementor-widget-divider--view-line_text .elementor-divider-separator:after,.elementor-widget-divider--view-line_text .elementor-divider-separator:before{display:block;content:\"\";border-bottom:0;-webkit-box-flex:1;-ms-flex-positive:1;flex-grow:1;border-top:var(--divider-border-width) var(--divider-border-style) var(--divider-color)}.elementor-widget-divider--element-align-left .elementor-divider .elementor-divider-separator>.elementor-divider__svg:first-of-type{-webkit-box-flex:0;-ms-flex-positive:0;flex-grow:0;-ms-flex-negative:100;flex-shrink:100}.elementor-widget-divider--element-align-left .elementor-divider-separator:before{content:none}.elementor-widget-divider--element-align-left .elementor-divider__element{margin-left:0}.elementor-widget-divider--element-align-right .elementor-divider .elementor-divider-separator>.elementor-divider__svg:last-of-type{-webkit-box-flex:0;-ms-flex-positive:0;flex-grow:0;-ms-flex-negative:100;flex-shrink:100}.elementor-widget-divider--element-align-right .elementor-divider-separator:after{content:none}.elementor-widget-divider--element-align-right .elementor-divider__element{margin-right:0}.elementor-widget-divider:not(.elementor-widget-divider--view-line_text):not(.elementor-widget-divider--view-line_icon) .elementor-divider-separator{border-top:var(--divider-border-width) var(--divider-border-style) var(--divider-color)}.elementor-widget-divider--separator-type-pattern{--divider-border-style:none}.elementor-widget-divider--separator-type-pattern.elementor-widget-divider--view-line .elementor-divider-separator,.elementor-widget-divider--separator-type-pattern:not(.elementor-widget-divider--view-line) .elementor-divider-separator:after,.elementor-widget-divider--separator-type-pattern:not(.elementor-widget-divider--view-line) .elementor-divider-separator:before,.elementor-widget-divider--separator-type-pattern:not([class*=elementor-widget-divider--view]) .elementor-divider-separator{width:100%;min-height:var(--divider-pattern-height);-webkit-mask-size:var(--divider-pattern-size) 100%;mask-size:var(--divider-pattern-size) 100%;-webkit-mask-repeat:var(--divider-pattern-repeat);mask-repeat:var(--divider-pattern-repeat);background-color:var(--divider-color);-webkit-mask-image:var(--divider-pattern-url);mask-image:var(--divider-pattern-url)}.elementor-widget-divider--no-spacing{--divider-pattern-size:auto}.elementor-widget-divider--bg-round{--divider-pattern-repeat:round}.rtl .elementor-widget-divider .elementor-divider__text{direction:rtl}<\/style>\t\t<div class=\"elementor-divider\" style=\"--divider-pattern-url: url(&quot;data:image\/svg+xml,%3Csvg xmlns=&#039;http:\/\/www.w3.org\/2000\/svg&#039; preserveAspectRatio=&#039;none&#039; overflow=&#039;visible&#039; height=&#039;100%&#039; viewBox=&#039;0 0 24 24&#039; fill=&#039;none&#039; stroke=&#039;black&#039; stroke-width=&#039;4&#039; stroke-linecap=&#039;square&#039; stroke-miterlimit=&#039;10&#039;%3E%3Cpath d=&#039;M0,6c6,0,6,13,12,13S18,6,24,6&#039;\/%3E%3C\/svg%3E&quot;);\">\n\t\t\t<span class=\"elementor-divider-separator\">\n\t\t\t\t\t\t<\/span>\n\t\t<\/div>\n\t\t\t\t<\/div>\n\t\t\t\t<\/div>\n\t\t\t\t<div class=\"elementor-element elementor-element-6f517c2 elementor-widget__width-initial elementor-widget-tablet__width-inherit elementor-widget-mobile__width-inherit elementor-widget elementor-widget-elementskit-heading\" data-id=\"6f517c2\" data-element_type=\"widget\" data-settings=\"{&quot;ekit_we_effect_on&quot;:&quot;none&quot;}\" data-widget_type=\"elementskit-heading.default\">\n\t\t\t\t<div class=\"elementor-widget-container\">\n\t\t\t<div class=\"ekit-wid-con\" ><div class=\"ekit-heading elementskit-section-title-wraper text_left   ekit_heading_tablet-   ekit_heading_mobile-text_center\"><h3 class=\"ekit-heading--title elementskit-section-title \">\n\t\t\t\t\t\tDe aluno a <span><span>Gestor<\/span><\/span>\n\t\t\t\t<\/h3>\t\t\t\t<div class='ekit-heading__description'>\n\t\t\t\t\t<p>Natural de Montes Claros \u2013 MG, nascido em 02 de maio de 1960, Ruy Muniz Adriano Borges Muniz \u00e9 professor, m\u00e9dico e empres\u00e1rio da educa\u00e7\u00e3o e da sa\u00fade. Casado com\u00a0 T\u00e2nia Raquel de Queiroz Muniz, m\u00e9dica, empres\u00e1ria e ex-deputada federal, tem quatro filhos: Thiago, David, Gabriel e Matheus e duas netas: J\u00falia e Giovana.<\/p>\n<p>Ruy Muniz \u00e9 graduado em Medicina pela UNIMONTES \u2013 Universidade Estadual de Montes Claros \u2013 MG.<\/p>\n<p><strong>EMPRES\u00c1RIO DA EDUCA\u00c7\u00c3O<\/strong><\/p>\n<p>Ainda na d\u00e9cada de 90 decide que os jovens do Norte Minas precisam ter a oportunidade de realizar o sonho de um diploma superior sem deixar suas fam\u00edlias e se torna pioneiro na implanta\u00e7\u00e3o do ensino superior privado na regi\u00e3o norte do Estado, permitindo que Montes Claros se transformasse no segundo polo educacional de Minas Gerais. O fato garantiu gera\u00e7\u00e3o de novos empregos, permitindo que os formados na regi\u00e3o n\u00e3o precisassem deixar suas cidades para buscar empregos em outros locais.<\/p>\n\t\t\t\t<\/div>\n\t\t\t<\/div><\/div>\t\t<\/div>\n\t\t\t\t<\/div>\n\t\t\t\t<div class=\"elementor-element elementor-element-cecf273 elementor-widget__width-initial elementor-widget-tablet__width-inherit elementor-widget elementor-widget-image\" data-id=\"cecf273\" data-element_type=\"widget\" data-settings=\"{&quot;ekit_we_effect_on&quot;:&quot;none&quot;}\" data-widget_type=\"image.default\">\n\t\t\t\t<div class=\"elementor-widget-container\">\n\t\t\t<style>\/*! elementor - v3.6.5 - 27-04-2022 *\/\n.elementor-widget-image{text-align:center}.elementor-widget-image a{display:inline-block}.elementor-widget-image a img[src$=\".svg\"]{width:48px}.elementor-widget-image img{vertical-align:middle;display:inline-block}<\/style>\t\t\t\t\t\t\t\t\t\t\t\t<img loading=\"lazy\" decoding=\"async\" width=\"500\" height=\"500\" src=\"https:\/\/piloto.ruymuniz.com.br\/wp-content\/uploads\/2022\/05\/foto-ruymuniz-02.png\" class=\"attachment-full size-full\" alt=\"\" srcset=\"https:\/\/piloto.ruymuniz.com.br\/wp-content\/uploads\/2022\/05\/foto-ruymuniz-02.png 500w, https:\/\/piloto.ruymuniz.com.br\/wp-content\/uploads\/2022\/05\/foto-ruymuniz-02-300x300.png 300w, https:\/\/piloto.ruymuniz.com.br\/wp-content\/uploads\/2022\/05\/foto-ruymuniz-02-150x150.png 150w\" sizes=\"auto, (max-width: 500px) 100vw, 500px\" \/>\t\t\t\t\t\t\t\t\t\t\t\t\t\t\t<\/div>\n\t\t\t\t<\/div>\n\t\t\t\t<div class=\"elementor-element elementor-element-21306ae elementor-widget elementor-widget-text-editor\" data-id=\"21306ae\" data-element_type=\"widget\" data-settings=\"{&quot;ekit_we_effect_on&quot;:&quot;none&quot;}\" data-widget_type=\"text-editor.default\">\n\t\t\t\t<div class=\"elementor-widget-container\">\n\t\t\t<style>\/*! elementor - v3.6.5 - 27-04-2022 *\/\n.elementor-widget-text-editor.elementor-drop-cap-view-stacked .elementor-drop-cap{background-color:#818a91;color:#fff}.elementor-widget-text-editor.elementor-drop-cap-view-framed .elementor-drop-cap{color:#818a91;border:3px solid;background-color:transparent}.elementor-widget-text-editor:not(.elementor-drop-cap-view-default) .elementor-drop-cap{margin-top:8px}.elementor-widget-text-editor:not(.elementor-drop-cap-view-default) .elementor-drop-cap-letter{width:1em;height:1em}.elementor-widget-text-editor .elementor-drop-cap{float:left;text-align:center;line-height:1;font-size:50px}.elementor-widget-text-editor .elementor-drop-cap-letter{display:inline-block}<\/style>\t\t\t\t<p>Atualmente, est\u00e1 \u00e0 frente, como gestor, de v\u00e1rias institui\u00e7\u00f5es de ensino, n\u00e3o apenas em Minas Gerais, mas em outros Estados do Brasil, garantindo a amplia\u00e7\u00e3o da oferta de vagas de ensino v\u00e1rias cidades do pa\u00eds, inclusive, \u00a0com a cria\u00e7\u00e3o de institui\u00e7\u00f5es que contemplam desde a Educa\u00e7\u00e3o Infantil aos cursos de Gradua\u00e7\u00e3o e P\u00f3s-Gradua\u00e7\u00e3o. Al\u00e9m da Funorte, no Norte de Minas, Ruy est\u00e1 \u00e0 frente de institui\u00e7\u00f5es como Promove ( Belo Horizonte e Sete Lagoas), \u00a0Faculdades Kennedy (BH), Unisanta\u00b4anna em S\u00e3o Paulo, Universidade Santa \u00darsula (RJ), ICESP (DF), dentre outras.<\/p><p><strong>EMPRES\u00c1RIO DA SA\u00daDE<\/strong><\/p><p>M\u00e9dico, Ruy sempre trabalhou para que as pessoas tivessem garantido\u00a0 o direito \u00e0 sa\u00fade. Em 2005 ele assumiu a dire\u00e7\u00e3o da Funda\u00e7\u00e3o Hilton Rocha, maior hospital especializado em oftalmologia do Brasil, atualmente Hospital de Olhos Hilton Rocha, que atende pelo SUS pacientes de toda Minas Gerais.\u00a0 Sempre defensor do SUS, na Cl\u00ednica Escola do Campus Amazonas, ligada \u00e0 Funorte,\u00a0 s\u00e3o atendidas, por ano, mais de 50 mil pessoas. S\u00e3o atendimentos m\u00e9dicos, odontol\u00f3gicos, psicol\u00f3gicos, fisioterap\u00eauticos de excel\u00eancia. Os pacientes, al\u00e9m de terem acesso, gratuitamente, a competentes profissionais de sa\u00fade, podem fazer diversos exames, sem qualquer custo, em parceria com o SUS.<\/p><p>Al\u00e9m disso, hoje os moradores do Norte de Minas e at\u00e9 mesmo do Sul da Bahia podem contar com o Hospital das Cl\u00ednicas Dr. M\u00e1rio Ribeiro da Silveira, fundado por Ruy Muniz. Por acreditar no SUS e no direito das pessoas de ter acesso a um atendimento na sa\u00fade de qualidade, o Hospital M\u00e1rio Ribeiro tem parceria com o SUS e hoje \u00e9 uma refer\u00eancia em sa\u00fade p\u00fablica, tendo estado na linha de frente no combate \u00e0 Covid. O Hospital M\u00e1rio Ribeiro realiza por ano, em parceria com o SUS, mais de 500 cirurgias de catarata.<\/p><p>Em 2013, Ruy Muniz inaugura em Montes Claros, o Hospital das Cl\u00ednicas M\u00e1rio Ribeiro da Silveira, do qual \u00e9 gestor. Em parceria com o SUS o Hospital M\u00e1rio Ribeiro da Silveira passou a atender pacientes de toda a regi\u00e3o norte-mineira, desafogando o sistema p\u00fablico de sa\u00fade da regi\u00e3o e se transformando em refer\u00eancia de sa\u00fade p\u00fablica. Em 2018 passa a gerir tamb\u00e9m o Hospital Santa M\u00f4nica, em Vila Vela, no Esp\u00edrito Santo.<\/p>\t\t\t\t\t\t<\/div>\n\t\t\t\t<\/div>\n\t\t\t\t<div class=\"elementor-element elementor-element-f85fa6b elementor-widget elementor-widget-elementskit-heading\" data-id=\"f85fa6b\" data-element_type=\"widget\" data-settings=\"{&quot;ekit_we_effect_on&quot;:&quot;none&quot;}\" data-widget_type=\"elementskit-heading.default\">\n\t\t\t\t<div class=\"elementor-widget-container\">\n\t\t\t<div class=\"ekit-wid-con\" ><div class=\"ekit-heading elementskit-section-title-wraper text_left   ekit_heading_tablet-   ekit_heading_mobile-text_center\"><h3 class=\"ekit-heading--title elementskit-section-title \">\n\t\t\t\t\t\t<span><span>Ruy<\/span><\/span> na Pol\u00edtica\n\t\t\t\t<\/h3>\t\t\t\t<div class='ekit-heading__description'>\n\t\t\t\t\t<p>Em 2004 Ruy Muniz foi eleito\u00a0 vereador em Montes Claros, tendo sido o mais votado da hist\u00f3ria pol\u00edtica do Norte de Minas, com 4.026 votos. <br \/>Em janeiro de 2006 se elege Deputado Estadual, assumindo em 2007\u00a0 uma cadeira no Legislativo Mineiro. Na Assembleia Legislativa de Minas Gerais foi l\u00edder da Bancada do Norte, trabalhando para que a regi\u00e3o recebesse a aten\u00e7\u00e3o necess\u00e1ria para as demandas da popula\u00e7\u00e3o. Tamb\u00e9m como deputado, foi\u00a0 autor da lei que criou a Pol\u00edtica Estadual de Sa\u00fade do Homem em Minas Gerais.<\/p>\n<p>Em 2012 \u00a0Ruy Muniz \u00e9 eleito prefeito de Montes Claros. \u00a0Durante sua gest\u00e3o saneou as contas do mun\u00edcipio, valorizou os professores, elevou o PIB (Produto Interno Bruto) de Montes Claros de 4,5 bilh\u00f5es para 8,7 bilh\u00f5es (IBGE), melhorou o IDEB (\u00cdndice de Desenvolvimento da Educa\u00e7\u00e3o B\u00e1sica) de 3,1 para 6,9. Implantou a educa\u00e7\u00e3o integral, valorizou os professores. Melhorou o acesso da popula\u00e7\u00e3o \u00e0 sa\u00fade ao aumentar o n\u00famero de Equipes de Estrat\u00e9gia de Sa\u00fade da Fam\u00edlia (ESF) de 66 para 140,garantindo 100% de cobertura da cidade e da zona rural em ESF. Valorizou o agricultura familiar atrav\u00e9s do Programa da Agricultura Familiar, com aquisi\u00e7\u00e3o dos seus produtos para a merenda escolar e para o Restaurante Popular. Em 2014, durante a administra\u00e7\u00e3o Ruy Muniz, de acordo com dados do IBGE, Montes Claros foi a terceira cidade de Minas Gerais que mais gerou empregos.<\/p>\n\t\t\t\t<\/div>\n\t\t\t<\/div><\/div>\t\t<\/div>\n\t\t\t\t<\/div>\n\t\t\t\t\t<\/div>\n\t\t<\/div>\n\t\t\t\t\t\t\t<\/div>\n\t\t<\/section>\n\t\t\t\t\t\t\t<\/div>\n\t\t","protected":false},"excerpt":{"rendered":"<p>De aluno a Gestor Natural de Montes Claros \u2013 MG, nascido em 02 de maio de 1960, Ruy Muniz Adriano Borges Muniz \u00e9 professor, m\u00e9dico e empres\u00e1rio da educa\u00e7\u00e3o e da sa\u00fade. Casado com\u00a0 T\u00e2nia Raquel de Queiroz Muniz, m\u00e9dica, empres\u00e1ria e ex-deputada federal, tem quatro filhos: Thiago, David, Gabriel e Matheus e duas netas: [&hellip;]<\/p>\n","protected":false},"author":3,"featured_media":0,"parent":0,"menu_order":0,"comment_status":"closed","ping_status":"closed","template":"elementor_header_footer","meta":{"spay_email":"","footnotes":""},"class_list":["post-606","page","type-page","status-publish","hentry"],"_links":{"self":[{"href":"https:\/\/piloto.ruymuniz.com.br\/index.php?rest_route=\/wp\/v2\/pages\/606","targetHints":{"allow":["GET"]}}],"collection":[{"href":"https:\/\/piloto.ruymuniz.com.br\/index.php?rest_route=\/wp\/v2\/pages"}],"about":[{"href":"https:\/\/piloto.ruymuniz.com.br\/index.php?rest_route=\/wp\/v2\/types\/page"}],"author":[{"embeddable":true,"href":"https:\/\/piloto.ruymuniz.com.br\/index.php?rest_route=\/wp\/v2\/users\/3"}],"replies":[{"embeddable":true,"href":"https:\/\/piloto.ruymuniz.com.br\/index.php?rest_route=%2Fwp%2Fv2%2Fcomments&post=606"}],"version-history":[{"count":5,"href":"https:\/\/piloto.ruymuniz.com.br\/index.php?rest_route=\/wp\/v2\/pages\/606\/revisions"}],"predecessor-version":[{"id":1203,"href":"https:\/\/piloto.ruymuniz.com.br\/index.php?rest_route=\/wp\/v2\/pages\/606\/revisions\/1203"}],"wp:attachment":[{"href":"https:\/\/piloto.ruymuniz.com.br\/index.php?rest_route=%2Fwp%2Fv2%2Fmedia&parent=606"}],"curies":[{"name":"wp","href":"https:\/\/api.w.org\/{rel}","templated":true}]}}